{"id":116,"date":"2012-08-15T11:05:29","date_gmt":"2012-08-15T11:05:29","guid":{"rendered":"http:\/\/188.26.230.210\/hovercat\/?page_id=116"},"modified":"2021-05-20T18:58:05","modified_gmt":"2021-05-20T18:58:05","slug":"about-us","status":"publish","type":"page","link":"https:\/\/fdandre.com.br\/site2013fda\/index.php\/about-us\/","title":{"rendered":"Servi\u00e7os"},"content":{"rendered":"<div class=\"vc_row wpb_row vc_row-fluid   vc_custom_1420641133390\" ><div class=\"container\"><div class=\"row\">\n\t<div class=\"vc_col-sm-12 wpb_column vc_column_container\">\n\t\t<div class=\"wpb_wrapper\">\n\t\t\t<div class=\"beopen-heading\"><h2>Planejamento Estrat\u00e9gico da Comunica\u00e7\u00e3o<\/h2><\/div><div class=\"vc_empty_space\"  style=\"height: 30px\" ><span class=\"vc_empty_space_inner\"><\/span><\/div>\n\n\n\t<div class=\"wpb_text_column wpb_content_element \">\n\t\t<div class=\"wpb_wrapper\">\n\t\t\t<p style=\"text-align: center;\">A FDA Comunica\u00e7\u00e3o baseia todo o seu trabalho no Planejamento. Se a sua empresa j\u00e1 tem Miss\u00e3o, Vis\u00e3o e Valores definidos, \u00f3timo! Vamos coloc\u00e1-las em foco\u00a0atrav\u00e9s de uma Plano de Comunica\u00e7\u00e3o Integrada, com uma \u00fanica identidade e um \u00fanico discurso.<\/p>\n<p style=\"text-align: center;\">Se n\u00e3o tem, come\u00e7amos por a\u00ed. Junto com a alta dire\u00e7\u00e3o vamos alcan\u00e7ar essas defini\u00e7\u00f5es fundamentais. N\u00e3o apenas para decorar\u00a0as paredes, mas para fazer delas os princ\u00edpios fundamentais que dar\u00e3o um norte ao crescimento da sua empresa.<\/p>\n\n\t\t<\/div> \n\t<\/div> <div class=\"vc_empty_space\"  style=\"height: 10px\" ><span class=\"vc_empty_space_inner\"><\/span><\/div>\n\n\n\t\t<\/div> \n\t<\/div> \n<\/div><\/div><\/div>\n\n\n\n<div class=\"vc_row wpb_row vc_row-fluid   vc_custom_1420641145253\" ><div class=\"container\"><div class=\"row\">\n\t<div class=\"vc_col-sm-12 wpb_column vc_column_container\">\n\t\t<div class=\"wpb_wrapper\">\n\t\t\t\n\t<div class=\"wpb_single_image wpb_content_element wpb_animate_when_almost_visible wpb_left-to-right vc_align_center\">\n\t\t<div class=\"wpb_wrapper\">\n\t\t\t\n\t\t\t<img width=\"60\" height=\"61\" src=\"https:\/\/fdandre.com.br\/site2013fda\/wp-content\/uploads\/2012\/08\/FDAicon.png\" class=\" vc_box_border_grey attachment-thumbnail\" alt=\"\" loading=\"lazy\" srcset=\"https:\/\/fdandre.com.br\/site2013fda\/wp-content\/uploads\/2012\/08\/FDAicon.png 60w, https:\/\/fdandre.com.br\/site2013fda\/wp-content\/uploads\/2012\/08\/FDAicon-49x50.png 49w, https:\/\/fdandre.com.br\/site2013fda\/wp-content\/uploads\/2012\/08\/FDAicon-50x50.png 50w\" sizes=\"(max-width: 60px) 100vw, 60px\" \/>\n\t\t<\/div> \n\t<\/div> \n\t\t<\/div> \n\t<\/div> \n<\/div><\/div><\/div>\n\n\n<div class=\"vc_row wpb_row vc_row-fluid full-width-section    vc_custom_1418824172766\" ><div class=\"container\" style=\"position: relative; z-index: 3;\"><div class=\"row\">\n\t<div class=\"vc_col-sm-6 wpb_column vc_column_container\">\n\t\t<div class=\"wpb_wrapper\">\n\t\t\t\n\t<div class=\"wpb_text_column wpb_content_element \">\n\t\t<div class=\"wpb_wrapper\">\n\t\t\t<h3 class=\"alternative\"><\/p>\n<p><strong>A Mensagem:<\/strong> Contar uma hist\u00f3ria verdadeira<\/p>\n<p><\/h3>\n\n\t\t<\/div> \n\t<\/div> \n\t<div class=\"wpb_text_column wpb_content_element \">\n\t\t<div class=\"wpb_wrapper\">\n\t\t\t<p>Somos todos curiosos e \u00e1vidos por informa\u00e7\u00e3o. Investigamos\u00a0o tempo todo no Google sobre tudo que nos interessa. Nosso cliente tamb\u00e9m \u00e9 assim, quer nos conhecer melhor, saber mais sobre o que fazemos, o que pensamos, quais s\u00e3o nossos valores.<\/p>\n<p>Por isso, a nossa primeira tarefa \u00e9 resgatar dentro das organiza\u00e7\u00f5es suas hist\u00f3rias, suas origens, suas virtudes, seus valores e preocupa\u00e7\u00f5es e principalmente seus planos para o futuro. Pegamos tudo o que a sua empresa tem de melhor &#8211; e as vezes nem considera\u00a0ou valoriza &#8211; e transformamos numa rica plataforma de conte\u00fados\u00a0interessantes e capazes de engajar o p\u00fablico \u00e0 sua Marca.<\/p>\n<p>Uma hist\u00f3ria que continua a ser contada todos os dias, mostrando que estamos vivos e ajudando a mudar o mundo.<\/p>\n<p>Lembre-se, uma boa hist\u00f3ria a gente n\u00e3o esquece.<\/p>\n\n\t\t<\/div> \n\t<\/div> \n\t\t<\/div> \n\t<\/div> \n\n\t<div class=\"vc_col-sm-6 wpb_column vc_column_container\">\n\t\t<div class=\"wpb_wrapper\">\n\t\t\t\n\t<div class=\"wpb_single_image wpb_content_element vc_custom_1421853822980 vc_align_center\">\n\t\t<div class=\"wpb_wrapper\">\n\t\t\t\n\t\t\t<span class=\"vc_box_shadow_3d_wrap\"><img width=\"450\" height=\"300\" src=\"https:\/\/fdandre.com.br\/site2013fda\/wp-content\/uploads\/2012\/08\/TrueStory.jpg\" class=\"vc_box_shadow_3d vc_box_border_grey attachment-full\" alt=\"\" loading=\"lazy\" srcset=\"https:\/\/fdandre.com.br\/site2013fda\/wp-content\/uploads\/2012\/08\/TrueStory.jpg 450w, https:\/\/fdandre.com.br\/site2013fda\/wp-content\/uploads\/2012\/08\/TrueStory-300x200.jpg 300w, https:\/\/fdandre.com.br\/site2013fda\/wp-content\/uploads\/2012\/08\/TrueStory-75x50.jpg 75w\" sizes=\"(max-width: 450px) 100vw, 450px\" \/><\/span>\n\t\t<\/div> \n\t<\/div> \n\t\t<\/div> \n\t<\/div> \n<\/div><\/div><\/div>\n\n\n<div class=\"vc_row wpb_row vc_row-fluid full-width-section    vc_custom_1421853728992\" ><div class=\"container\" style=\"position: relative; z-index: 3;\"><div class=\"row\">\n\t<div class=\"vc_col-sm-12 wpb_column vc_column_container\">\n\t\t<div class=\"wpb_wrapper\">\n\t\t\t\n\t\t<\/div> \n\t<\/div> \n\n\t<div class=\"vc_col-sm-6 wpb_column vc_column_container\">\n\t\t<div class=\"wpb_wrapper\">\n\t\t\t\n\t<div class=\"wpb_single_image wpb_content_element vc_align_center\">\n\t\t<div class=\"wpb_wrapper\">\n\t\t\t\n\t\t\t<span class=\"vc_box_shadow_3d_wrap\"><img width=\"550\" height=\"316\" src=\"https:\/\/fdandre.com.br\/site2013fda\/wp-content\/uploads\/2012\/08\/inca-42-cm.jpg\" class=\"vc_box_shadow_3d vc_box_border_grey attachment-full\" alt=\"\" loading=\"lazy\" srcset=\"https:\/\/fdandre.com.br\/site2013fda\/wp-content\/uploads\/2012\/08\/inca-42-cm.jpg 550w, https:\/\/fdandre.com.br\/site2013fda\/wp-content\/uploads\/2012\/08\/inca-42-cm-300x172.jpg 300w, https:\/\/fdandre.com.br\/site2013fda\/wp-content\/uploads\/2012\/08\/inca-42-cm-87x50.jpg 87w\" sizes=\"(max-width: 550px) 100vw, 550px\" \/><\/span>\n\t\t<\/div> \n\t<\/div> \n\t\t<\/div> \n\t<\/div> \n\n\t<div class=\"vc_col-sm-6 wpb_column vc_column_container\">\n\t\t<div class=\"wpb_wrapper\">\n\t\t\t\n\t<div class=\"wpb_text_column wpb_content_element \">\n\t\t<div class=\"wpb_wrapper\">\n\t\t\t<h3 class=\"alternative\"><\/p>\n<p><strong>Design<\/strong>: Uma hist\u00f3ria verdadeira tem que ser bonita<\/p>\n<p><\/h3>\n\n\t\t<\/div> \n\t<\/div> \n\t<div class=\"wpb_text_column wpb_content_element \">\n\t\t<div class=\"wpb_wrapper\">\n\t\t\t<p>Mesmo com toda a tecnologia do mundo, o design sempre ser\u00e1 um pilar essencial \u00e0 constru\u00e7\u00e3o das marcas. Por isso \u00e9 uma de nossas paix\u00f5es. Somos admiradores confessos da Bauhauss, dos impressionistas, do Sebasti\u00e3o Salgado, do Di Cavalcanti, Dos G\u00eameos, do Alex Senna. Nada diz tanto e toca t\u00e3o fundo aos cora\u00e7\u00f5es do que uma imagem. Estamos sempre de olho nos novos grafiteiros, artistas, fot\u00f3grafos e video makers que surgem todo dia. Bebemos da arte e de todos as influ\u00eancias, para fazer a dire\u00e7\u00e3o de arte das campanhas que criamos.<\/p>\n\n\t\t<\/div> \n\t<\/div> \n\t\t<\/div> \n\t<\/div> \n\n\t<div class=\"vc_col-sm-12 wpb_column vc_column_container\">\n\t\t<div class=\"wpb_wrapper\">\n\t\t\t\n\t\t<\/div> \n\t<\/div> \n<\/div><\/div><\/div>\n\n\n<div class=\"vc_row wpb_row vc_row-fluid full-width-section    vc_custom_1421854843963\" style=\"color:#0a0a0a;\" ><div class=\"container\" style=\"position: relative; z-index: 3;\"><div class=\"row\">\n\t<div class=\"vc_col-sm-8 wpb_column vc_column_container\">\n\t\t<div class=\"wpb_wrapper\">\n\t\t\t\n\t<div class=\"wpb_text_column wpb_content_element \">\n\t\t<div class=\"wpb_wrapper\">\n\t\t\t<h3 class=\"alternative\"><\/p>\n<p><strong>Os Meios<\/strong>: Levar a sua Mensagem a quem interessa<\/p>\n<p><\/h3>\n\n\t\t<\/div> \n\t<\/div> \n\t<div class=\"wpb_text_column wpb_content_element \">\n\t\t<div class=\"wpb_wrapper\">\n\t\t\t<p>Quando recebemos uma mensagem que n\u00e3o interessa, na hora errada, naturalmente a rejeitamos. O nosso p\u00fablico n\u00e3o \u00e9 diferente. O trabalho de m\u00eddia \u00e9 colocar a mensagem que o p\u00fablico procura, na hora certa, do jeito certo. Quando o assunto interessa ao p\u00fablico, \u00e9 contado na sua linguagem com leveza, criatividade e empatia, recebemos em retorno um novo admirador da nossa marca.<\/p>\n\n\t\t<\/div> \n\t<\/div> \n\t\t<\/div> \n\t<\/div> \n\n\t<div class=\"vc_col-sm-4 wpb_column vc_column_container\">\n\t\t<div class=\"wpb_wrapper\">\n\t\t\t\n\t<div class=\"wpb_single_image wpb_content_element vc_align_center\">\n\t\t<div class=\"wpb_wrapper\">\n\t\t\t\n\t\t\t<span class=\"vc_box_shadow_3d_wrap\"><img width=\"400\" height=\"267\" src=\"https:\/\/fdandre.com.br\/site2013fda\/wp-content\/uploads\/2012\/08\/Meios.jpg\" class=\"vc_box_shadow_3d vc_box_border_grey attachment-full\" alt=\"\" loading=\"lazy\" srcset=\"https:\/\/fdandre.com.br\/site2013fda\/wp-content\/uploads\/2012\/08\/Meios.jpg 400w, https:\/\/fdandre.com.br\/site2013fda\/wp-content\/uploads\/2012\/08\/Meios-300x200.jpg 300w, https:\/\/fdandre.com.br\/site2013fda\/wp-content\/uploads\/2012\/08\/Meios-75x50.jpg 75w\" sizes=\"(max-width: 400px) 100vw, 400px\" \/><\/span>\n\t\t<\/div> \n\t<\/div> \n\t\t<\/div> \n\t<\/div> \n<\/div><\/div><\/div>\n\n\n\n<div class=\"vc_row wpb_row vc_row-fluid   vc_custom_1422548849416\" ><div class=\"container\"><div class=\"row\">\n\t<div class=\"vc_col-sm-12 wpb_column vc_column_container\">\n\t\t<div class=\"wpb_wrapper\">\n\t\t\t<div class=\"vc_empty_space\"  style=\"height: 32px\" ><span class=\"vc_empty_space_inner\"><\/span><\/div>\n\n\n\t\t<\/div> \n\t<\/div> \n<\/div><\/div><\/div>\n\n\n<div class=\"vc_row wpb_row vc_row-fluid full-width-section  vertically-align-columns  vc_custom_1421854913179\" style=\"color:#0a0a0a;\" ><div class=\"container\" style=\"position: relative; z-index: 3;\"><div class=\"row\">\n\t<div class=\"vc_col-sm-8 wpb_column vc_column_container\">\n\t\t<div class=\"wpb_wrapper\">\n\t\t\t\n\t<div class=\"wpb_text_column wpb_content_element \">\n\t\t<div class=\"wpb_wrapper\">\n\t\t\t<h3 class=\"alternative\"><\/p>\n<p><strong>As M\u00e9tricas<\/strong>: buscar resultados<\/p>\n<p><\/h3>\n\n\t\t<\/div> \n\t<\/div> \n\t<div class=\"wpb_text_column wpb_content_element \">\n\t\t<div class=\"wpb_wrapper\">\n\t\t\t<p>Num passado n\u00e3o muito distante eram muito escassas e caras as informa\u00e7\u00f5es de audi\u00eancia efetiva das a\u00e7\u00f5es de comunica\u00e7\u00e3o. Hoje, ao contr\u00e1rio, h\u00e1 uma profus\u00e3o de dados \u00e0 disposi\u00e7\u00e3o para avaliarmos os investimentos na marca. Por isso, A FDA conhece profundamente pesquisa de mercado, monitoramento e as ferramentas de an\u00e1lise de dados na internet e redes sociais: perfil, alcance, engajamento, monitoramento e comportamento.<\/p>\n\n\t\t<\/div> \n\t<\/div> \n\t\t<\/div> \n\t<\/div> \n\n\t<div class=\"vc_col-sm-4 wpb_column vc_column_container\">\n\t\t<div class=\"wpb_wrapper\">\n\t\t\t<div class=\"vc_progress_bar wpb_content_element\"><div class=\"vc_single_bar bar_turquoise\"><small class=\"vc_label\">Alcance<\/small><span class=\"vc_bar animated striped\" data-percentage-value=\"90\" data-value=\"90\"><\/span><\/div><div class=\"vc_single_bar bar_turquoise\"><small class=\"vc_label\">Engajamento<\/small><span class=\"vc_bar animated striped\" data-percentage-value=\"80\" data-value=\"80\"><\/span><\/div><div class=\"vc_single_bar bar_turquoise\"><small class=\"vc_label\">Convers\u00e3o<\/small><span class=\"vc_bar animated striped\" data-percentage-value=\"70\" data-value=\"70\"><\/span><\/div><\/div>\n\n\t\t<\/div> \n\t<\/div> \n<\/div><\/div><\/div>\n\n\n\n<p><\/p>\n","protected":false},"excerpt":{"rendered":"Planejamento Estrat\u00e9gico da Comunica\u00e7\u00e3o A FDA Comunica\u00e7\u00e3o baseia todo o seu trabalho no Planejamento. Se a sua empresa j\u00e1 tem Miss\u00e3o, Vis\u00e3o e Valores definidos, \u00f3timo! Vamos coloc\u00e1-las em foco\u00a0atrav\u00e9s...","protected":false},"author":1,"featured_media":0,"parent":0,"menu_order":3,"comment_status":"open","ping_status":"open","template":"template-minimal-page.php","meta":[],"_links":{"self":[{"href":"https:\/\/fdandre.com.br\/site2013fda\/index.php\/wp-json\/wp\/v2\/pages\/116"}],"collection":[{"href":"https:\/\/fdandre.com.br\/site2013fda\/index.php\/wp-json\/wp\/v2\/pages"}],"about":[{"href":"https:\/\/fdandre.com.br\/site2013fda\/index.php\/wp-json\/wp\/v2\/types\/page"}],"author":[{"embeddable":true,"href":"https:\/\/fdandre.com.br\/site2013fda\/index.php\/wp-json\/wp\/v2\/users\/1"}],"replies":[{"embeddable":true,"href":"https:\/\/fdandre.com.br\/site2013fda\/index.php\/wp-json\/wp\/v2\/comments?post=116"}],"version-history":[{"count":54,"href":"https:\/\/fdandre.com.br\/site2013fda\/index.php\/wp-json\/wp\/v2\/pages\/116\/revisions"}],"predecessor-version":[{"id":5368,"href":"https:\/\/fdandre.com.br\/site2013fda\/index.php\/wp-json\/wp\/v2\/pages\/116\/revisions\/5368"}],"wp:attachment":[{"href":"https:\/\/fdandre.com.br\/site2013fda\/index.php\/wp-json\/wp\/v2\/media?parent=116"}],"curies":[{"name":"wp","href":"https:\/\/api.w.org\/{rel}","templated":true}]}}