{"id":38,"date":"2012-08-05T17:32:46","date_gmt":"2012-08-05T17:32:46","guid":{"rendered":"http:\/\/192.168.1.102\/hovercat\/?page_id=38"},"modified":"2021-05-20T18:47:24","modified_gmt":"2021-05-20T18:47:24","slug":"features","status":"publish","type":"page","link":"https:\/\/fdandre.com.br\/site2013fda\/index.php\/features\/","title":{"rendered":"Quem somos"},"content":{"rendered":"<div class=\"vc_row wpb_row vc_row-fluid full-width-section  vertically-align-columns  vc_custom_1418661375027\" id=\"revslider\"><div class=\"container\" style=\"position: relative; z-index: 3;\"><div class=\"row\">\n\t<div class=\"vc_col-sm-6 wpb_column vc_column_container\">\n\t\t<div class=\"wpb_wrapper\">\n\t\t\t\n\t<div class=\"wpb_single_image wpb_content_element wpb_animate_when_almost_visible wpb_top-to-bottom vc_align_center\">\n\t\t<div class=\"wpb_wrapper\">\n\t\t\t\n\t\t\t<img class=\" vc_box_border_grey \" src=\"https:\/\/fdandre.com.br\/site2013fda\/wp-content\/uploads\/2012\/08\/Baxter_Interna.jpg\" width=\"570\" height=\"300\" alt=\"Baxter_Interna\" \/>\n\t\t<\/div> \n\t<\/div> \n\t\t<\/div> \n\t<\/div> \n\n\t<div class=\"vc_col-sm-6 wpb_column vc_column_container\">\n\t\t<div class=\"wpb_wrapper\">\n\t\t\t\n\t<div class=\"wpb_text_column wpb_content_element \">\n\t\t<div class=\"wpb_wrapper\">\n\t\t\t<p><code style=\"display: none;\"><br \/>\n<\/code><\/p>\n<h1>Design e Comunica\u00e7\u00e3o<\/h1>\n<p>A FDA Comunica\u00e7\u00e3o nasceu em 1996 para fazer do Design e da Comunica\u00e7\u00e3o a sua voca\u00e7\u00e3o. A Comunica\u00e7\u00e3o \u00e9 hoje um processo integrado: as habilidades do design, do jornalismo e da publicidade precisam se aliar para fazer face \u00e0 crescente necessidade de criar design e conte\u00fado. Precisamos comunicar conceitos e construir hist\u00f3rias ricas e plasticamente comoventes para engajar o p\u00fablico e construir marcas fortes e admiradas.<\/p>\n<p>Num mundo cada vez mais digital, a constante adapta\u00e7\u00e3o da Comunica\u00e7\u00e3o exige talento, experi\u00eancia e esp\u00edrito inovador. \u00c0 origem de seus s\u00f3cios fundadores, em grandes empresas como Unilever e Diageo, hoje soma-se a vinte anos de experi\u00eancia criando a comunica\u00e7\u00e3o para empresas multinacionais e nacionais, de grande e m\u00e9dio porte, com uma coisa em comum: o prop\u00f3sito de crescer e criar marcas fortes, respeitadas e admiradas.<\/p>\n\n\t\t<\/div> \n\t<\/div> \n\t\t<\/div> \n\t<\/div> \n<\/div><\/div><\/div><div class=\"vc_row wpb_row vc_row-fluid full-width-section  vertically-align-columns  vc_custom_1496076858513\" style=\"color:#ffffff;\" ><div class=\"container\" style=\"position: relative; z-index: 3;\"><div class=\"row\"><\/div><\/div><\/div>\n\t<div class=\"vc_col-sm-9 wpb_column vc_column_container\">\n\t\t<div class=\"wpb_wrapper\">\n\t\t\t\n\t\t<\/div> \n\t<\/div> \n\n\t<div class=\"wpb_text_column wpb_content_element  wpb_animate_when_almost_visible wpb_left-to-right\">\n\t\t<div class=\"wpb_wrapper\">\n\t\t\t\n\t\t<\/div> \n\t<\/div>\n<h3><\/h3>\n","protected":false},"excerpt":{"rendered":"Design e Comunica\u00e7\u00e3o A FDA Comunica\u00e7\u00e3o nasceu em 1996 para fazer do Design e da Comunica\u00e7\u00e3o a sua voca\u00e7\u00e3o. A Comunica\u00e7\u00e3o \u00e9 hoje um processo integrado: as habilidades do design,...","protected":false},"author":1,"featured_media":0,"parent":0,"menu_order":0,"comment_status":"open","ping_status":"open","template":"template-minimal-page.php","meta":[],"_links":{"self":[{"href":"https:\/\/fdandre.com.br\/site2013fda\/index.php\/wp-json\/wp\/v2\/pages\/38"}],"collection":[{"href":"https:\/\/fdandre.com.br\/site2013fda\/index.php\/wp-json\/wp\/v2\/pages"}],"about":[{"href":"https:\/\/fdandre.com.br\/site2013fda\/index.php\/wp-json\/wp\/v2\/types\/page"}],"author":[{"embeddable":true,"href":"https:\/\/fdandre.com.br\/site2013fda\/index.php\/wp-json\/wp\/v2\/users\/1"}],"replies":[{"embeddable":true,"href":"https:\/\/fdandre.com.br\/site2013fda\/index.php\/wp-json\/wp\/v2\/comments?post=38"}],"version-history":[{"count":15,"href":"https:\/\/fdandre.com.br\/site2013fda\/index.php\/wp-json\/wp\/v2\/pages\/38\/revisions"}],"predecessor-version":[{"id":5361,"href":"https:\/\/fdandre.com.br\/site2013fda\/index.php\/wp-json\/wp\/v2\/pages\/38\/revisions\/5361"}],"wp:attachment":[{"href":"https:\/\/fdandre.com.br\/site2013fda\/index.php\/wp-json\/wp\/v2\/media?parent=38"}],"curies":[{"name":"wp","href":"https:\/\/api.w.org\/{rel}","templated":true}]}}